{"id":69,"date":"2020-06-06T17:21:12","date_gmt":"2020-06-06T17:21:12","guid":{"rendered":"http:\/\/zactiti.com.br\/wp\/?page_id=69"},"modified":"2021-07-20T19:18:19","modified_gmt":"2021-07-20T19:18:19","slug":"home","status":"publish","type":"page","link":"https:\/\/zactiti.com.br\/","title":{"rendered":""},"content":{"rendered":"<p>[pl_post_props pagelayer-id=&#8221;CMYX3DsCMx4h3gJQ&#8221;  post_title=&#8221;&#8221; post_name=&#8221;home&#8221; post_status=&#8221;publish&#8221; featured_image=&#8221;0&#8243; post_excerpt=&#8221;&#8221;]<br \/>\n[\/pl_post_props]<br \/>\n[pl_row pagelayer-id=&#8221;8guaagla3xc7d0en&#8221; ]<br \/>\n[pl_col pagelayer-id=&#8221;g3225braafw3rmpf&#8221;  col=&#8221;12&#8243;]<br \/>\n[pl_text pagelayer-id=&#8221;5emvs1mnoxg3i2ba&#8221; ]<\/p>\n<p>[\/pl_text]<br \/>\n[\/pl_col]<br \/>\n[\/pl_row]<br \/>\n[pl_row pagelayer-id=&#8221;mBWV4FNhXNFpoPT0&#8243;  stretch=&#8221;full&#8221; col_gap=&#8221;0&#8243; width_content=&#8221;auto&#8221; row_height=&#8221;default&#8221; overlay_hover_delay=&#8221;400&#8243; row_shape_top_color=&#8221;#fff&#8221; row_shape_top_width=&#8221;100&#8243; row_shape_top_height=&#8221;100&#8243; row_shape_bottom_color=&#8221;#fff&#8221; row_shape_bottom_width=&#8221;100&#8243; row_shape_bottom_height=&#8221;100&#8243; ele_bg_hover_delay=&#8221;400&#8243; ele_padding=&#8221;0px,0px,0px,0px&#8221; ele_margin=&#8221;0px,0px,0px,0px&#8221; ele_padding_tablet=&#8221;40px,0px,0px,0px&#8221; ele_padding_mobile=&#8221;40px,0px,0px,0px&#8221; ele_bg_type=&#8221;image&#8221; ele_bg_gradient=&#8221;150,#44d3f6,23,#72e584,45,#2ca4eb,100&#8243; ele_bg_color=&#8221;#f6fcfdff&#8221; ele_bg_img=&#8221;249&#8243; ele_bg_size=&#8221;cover&#8221;]<br \/>\n[pl_col pagelayer-id=&#8221;Ke5EBw0U0shmjrI3&#8243;  widget_space=&#8221;0&#8243; overlay_hover_delay=&#8221;400&#8243; ele_bg_hover_delay=&#8221;400&#8243; ele_padding=&#8221;30px,15px,0px,115px&#8221; border_width=&#8221;0px,1px,0px,0px&#8221; border_color=&#8221;#dd811cff&#8221; ele_padding_tablet=&#8221;15px,15px,15px,15px&#8221; ele_padding_mobile=&#8221;10px,10px,10px,10px&#8221; border_width_mobile=&#8221;0px,0px,0px,0px&#8221; col_width=&#8221;50&#8243; col_width_tablet=&#8221;100&#8243; col_width_mobile=&#8221;99&#8243; ele_margin=&#8221;0px,0px,0px,0px&#8221;]<br \/>\n[pl_divider pagelayer-id=&#8221;I5nEy3vtP1C6AONm&#8221;  divider_style=&#8221;solid&#8221; divider_color=&#8221;#ff497cff&#8221; divider_weight=&#8221;2&#8243; divider_widht=&#8221;9&#8243; divider_gap=&#8221;10&#8243; divider_alignment=&#8221;left&#8221; ele_bg_hover_delay=&#8221;400&#8243; ele_padding=&#8221;0px,0px,0px,10px&#8221; ele_zindex=&#8221;5&#8243; ele_padding_mobile=&#8221;0px,0px,0px,20px&#8221; divider_widht_mobile=&#8221;16&#8243; animation=&#8221;fadeInLeft&#8221; animation_delay=&#8221;600&#8243;]<br \/>\n[\/pl_divider]<br \/>\n[pl_heading pagelayer-id=&#8221;tNv6qcXYmVnZ6uxx&#8221;  heading_state=&#8221;normal&#8221; color=&#8221;#1f2732ff&#8221; ele_bg_hover_delay=&#8221;400&#8243; align=&#8221;left&#8221; heading_typo=&#8221;Poppins,30,Normal,800,Normal,None,Solid,1,,0,0&#8243; ele_zindex=&#8221;5&#8243; align_tablet=&#8221;left&#8221; heading_typo_tablet=&#8221;,25,,,,,Solid,,,,&#8221; align_mobile=&#8221;left&#8221; heading_typo_mobile=&#8221;,22,,,,,Solid,,,,&#8221; animation=&#8221;fadeInLeft&#8221; animation_delay=&#8221;700&#8243;]<\/p>\n<p>Sistemas[\/pl_heading]<br \/>\n[pl_divider pagelayer-id=&#8221;CjZiTGhBv9iNBsVO&#8221;  divider_style=&#8221;solid&#8221; divider_color=&#8221;#ff497cff&#8221; divider_weight=&#8221;2&#8243; divider_widht=&#8221;9&#8243; divider_gap=&#8221;10&#8243; divider_alignment=&#8221;left&#8221; ele_bg_hover_delay=&#8221;400&#8243; ele_padding=&#8221;0px,0px,0px,55px&#8221; ele_zindex=&#8221;5&#8243; ele_padding_mobile=&#8221;0px,0px,0px,40px&#8221; divider_widht_mobile=&#8221;20&#8243; animation=&#8221;fadeInLeft&#8221; animation_delay=&#8221;800&#8243;]<br \/>\n[\/pl_divider]<br \/>\n[pl_text pagelayer-id=&#8221;aeHyfhgTl8kWapZy&#8221;  ele_align=&#8221;margin&#8221; ele_height=&#8221;auto&#8221; border_width=&#8221;1px,1px,1px,1px&#8221; border_color=&#8221;#CCC&#8221; border_hover=&#8221;hover&#8221;]<\/p>\n<p style=\"text-align: justify;\">H\u00e1 mais de 20 anos no mercado, desenvolvendo Sistemas de automa\u00e7\u00e3o para Supermercados, Magazines, Autope\u00e7as, Confec\u00e7\u00f5es dentre outros.<\/p>\n<p>[\/pl_text]<br \/>\n[\/pl_col]<br \/>\n[pl_col pagelayer-id=&#8221;L9wDp5kbNdAjwWBr&#8221;  widget_space=&#8221;0&#8243; overlay_hover_delay=&#8221;400&#8243; ele_bg_hover_delay=&#8221;400&#8243; ele_padding=&#8221;0px,15px,0px,15px&#8221; border_width=&#8221;0px,0px,0px,0px&#8221; border_color=&#8221;#dd811cff&#8221; ele_padding_tablet=&#8221;15px,15px,15px,15px&#8221; ele_padding_mobile=&#8221;10px,10px,10px,10px&#8221; border_width_mobile=&#8221;0px,0px,0px,0px&#8221; col_width=&#8221;50&#8243; col_width_tablet=&#8221;10&#8243; col_width_mobile=&#8221;10&#8243; content_pos=&#8221;center&#8221;]<br \/>\n[pl_iconbox pagelayer-id=&#8221;eefMsefeCvEOeyvw&#8221;  service_icon=&#8221;fas fa-check&#8221; service_alignment=&#8221;left&#8221; service_vertical_alignment=&#8221;middle&#8221; service_icon_view=&#8221;stacked&#8221; service_icon_padding=&#8221;11&#8243; service_icon_state=&#8221;normal&#8221; service_icon_color=&#8221;#ff497cff&#8221; service_icon_font_size=&#8221;15&#8243; service_icon_hover_delay=&#8221;600&#8243; service_bor_state=&#8221;normal&#8221; service_heading=&#8221;Controles de Vendas&#8221; service_title_spacing=&#8221;20,30,0,30&#8243; heading_state=&#8221;hover&#8221; service_heading_color=&#8221;#1f2732ff&#8221; service_heading_typo=&#8221;Poppins,20,Normal,700,Normal,None,Solid,1.65,Capitalize,0,0&#8243; heading_delay=&#8221;600&#8243; service_text_alignment=&#8221;left&#8221; service_btn_hover_delay=&#8221;400&#8243; ele_bg_hover_delay=&#8221;700&#8243; service_icon_spacing=&#8221;0,15,0,15&#8243; service_icon_background_color=&#8221;#ffffffff&#8221; service_icon_shape_type=&#8221;circle&#8221; service_icon_color_hover=&#8221;#ffffffff&#8221; service_icon_background_color_hover=&#8221;#ff497cff&#8221; service_content_spacing=&#8221;0,30,20,30&#8243; service_icon_border_type=&#8221;solid&#8221; service_icon_border_color=&#8221;#ff497cff&#8221; service_icon_border_width=&#8221;1,1,1,1&#8243; heading_color_hover=&#8221;#ffffffff&#8221; ele_css=&#8221;{{element}}:hover .pagelayer-service-details {background: #ff497c;<br \/>\nbox-shadow: 3px 3px 10px 0px #1f2732bf;<br \/>\n}<br \/>\n{{element}}:hover .pagelayer-service-details p{color: #fff;}&#8221; ele_bg_hover=&#8221;hover&#8221; border_hover=&#8221;hover&#8221; service_icon_padding_mobile=&#8221;10&#8243; service_icon_spacing_mobile=&#8221;0,10,0,0&#8243; service_icon_font_size_mobile=&#8221;14&#8243; animation=&#8221;fadeInRight&#8221; animation_delay=&#8221;600&#8243; animation_speed=&#8221;slow&#8221; heading_alignment=&#8221;left&#8221;]<\/p>\n<ul>\n<li>Pedidos e Pr\u00e9-Vendas<\/li>\n<li>Cupom Eletr\u00f4nico (NFCe)<\/li>\n<li>Nota Fiscal (NFe)<\/li>\n<li>Controle de Caixa<\/li>\n<li>Contas \u00e0 Receber<\/li>\n<li>Cheques Pr\u00e9-Datados<\/li>\n<li>Emiss\u00e3o de Carn\u00eas<\/li>\n<li>Emiss\u00e3o de Nota Promiss\u00f3ria<\/li>\n<li>Boletos Banc\u00e1rios<\/li>\n<\/ul>\n<p>[\/pl_iconbox]<br \/>\n[pl_iconbox pagelayer-id=&#8221;QI9Dn8ydORbq6CSX&#8221;  service_icon=&#8221;fas fa-check&#8221; service_alignment=&#8221;left&#8221; service_vertical_alignment=&#8221;middle&#8221; service_icon_view=&#8221;stacked&#8221; service_icon_padding=&#8221;11&#8243; service_icon_state=&#8221;normal&#8221; service_icon_color=&#8221;#ff497cff&#8221; service_icon_font_size=&#8221;15&#8243; service_icon_hover_delay=&#8221;600&#8243; service_bor_state=&#8221;hover&#8221; service_heading=&#8221;Controles de Compras&#8221; service_title_spacing=&#8221;20,30,0,30&#8243; heading_state=&#8221;hover&#8221; service_heading_color=&#8221;#1f2732ff&#8221; service_heading_typo=&#8221;Poppins,20,Normal,700,Normal,None,Solid,1.65,Capitalize,0,0&#8243; heading_delay=&#8221;600&#8243; service_text_alignment=&#8221;left&#8221; service_btn_hover_delay=&#8221;400&#8243; ele_bg_hover_delay=&#8221;700&#8243; service_icon_spacing=&#8221;0,15,0,15&#8243; service_icon_background_color=&#8221;#ffffffff&#8221; service_icon_shape_type=&#8221;circle&#8221; service_icon_color_hover=&#8221;#ffffffff&#8221; service_icon_background_color_hover=&#8221;#ff497cff&#8221; service_content_spacing=&#8221;0,30,20,30&#8243; service_icon_border_type=&#8221;solid&#8221; service_icon_border_color=&#8221;#ff497cff&#8221; service_icon_border_width=&#8221;1,1,1,1&#8243; heading_color_hover=&#8221;#ffffffff&#8221; ele_css=&#8221;{{element}}:hover .pagelayer-service-details {background: #ff497c;<br \/>\nbox-shadow: 3px 3px 10px 0px #1f2732bf;<br \/>\n}<br \/>\n{{element}}:hover .pagelayer-service-details p{color: #fff;}&#8221; ele_bg_hover=&#8221;hover&#8221; border_hover=&#8221;hover&#8221; service_icon_padding_mobile=&#8221;10&#8243; service_icon_spacing_mobile=&#8221;0,10,0,0&#8243; service_icon_font_size_mobile=&#8221;15&#8243; service_title_spacing_mobile=&#8221;20,30,0,30&#8243; animation=&#8221;fadeInRight&#8221; animation_delay=&#8221;600&#8243; animation_speed=&#8221;slowest&#8221; heading_alignment=&#8221;left&#8221;]<\/p>\n<ul>\n<li>Importa\u00e7\u00e3o de XML<\/li>\n<li>Cadastro autom\u00e1tico de produtos<\/li>\n<li>Produtos com baixo giro.<\/li>\n<li>Atualiza\u00e7\u00e3o de pre\u00e7os por nota de compra<\/li>\n<li>Contas \u00e0 Pagar<\/li>\n<li>Sistema de Cota\u00e7\u00e3o de Pre\u00e7os<\/li>\n<\/ul>\n<p>[\/pl_iconbox]<br \/>\n[pl_iconbox pagelayer-id=&#8221;JgmVFGWsZK2g0qZ9&#8243;  service_icon=&#8221;fas fa-check&#8221; service_alignment=&#8221;left&#8221; service_vertical_alignment=&#8221;middle&#8221; service_icon_view=&#8221;stacked&#8221; service_icon_padding=&#8221;11&#8243; service_icon_state=&#8221;normal&#8221; service_icon_color=&#8221;#ff497cff&#8221; service_icon_font_size=&#8221;15&#8243; service_icon_hover_delay=&#8221;600&#8243; service_bor_state=&#8221;hover&#8221; service_heading=&#8221;Analises Especiais&#8221; service_title_spacing=&#8221;20,30,0,30&#8243; heading_state=&#8221;hover&#8221; service_heading_color=&#8221;#1f2732ff&#8221; service_heading_typo=&#8221;Poppins,20,Normal,700,Normal,None,Solid,1.65,Capitalize,0,0&#8243; heading_delay=&#8221;600&#8243; service_text_alignment=&#8221;left&#8221; service_btn_hover_delay=&#8221;400&#8243; ele_bg_hover_delay=&#8221;700&#8243; service_icon_spacing=&#8221;0,15,0,15&#8243; service_icon_background_color=&#8221;#ffffffff&#8221; service_icon_shape_type=&#8221;circle&#8221; service_icon_color_hover=&#8221;#ffffffff&#8221; service_icon_background_color_hover=&#8221;#ff497cff&#8221; service_content_spacing=&#8221;0,30,20,30&#8243; service_icon_border_type=&#8221;solid&#8221; service_icon_border_color=&#8221;#ff497cff&#8221; service_icon_border_width=&#8221;1,1,1,1&#8243; heading_color_hover=&#8221;#ffffffff&#8221; ele_css=&#8221;{{element}}:hover .pagelayer-service-details {background: #ff497c;<br \/>\nbox-shadow: 3px 3px 10px 0px #1f2732bf;<br \/>\n}<br \/>\n{{element}}:hover .pagelayer-service-details p{color: #fff;}&#8221; ele_bg_hover=&#8221;hover&#8221; border_hover=&#8221;hover&#8221; service_icon_padding_mobile=&#8221;10&#8243; service_icon_spacing_mobile=&#8221;0,10,0,0&#8243; service_icon_font_size_mobile=&#8221;14&#8243; animation=&#8221;fadeInRight&#8221; animation_delay=&#8221;600&#8243; animation_speed=&#8221;slow&#8221; heading_alignment=&#8221;left&#8221;]<\/p>\n<ul>\n<li>Previs\u00e3o de Compras<\/li>\n<li>Controle Cr\u00e9dito Clientes<\/li>\n<li>Central de Libera\u00e7\u00e3o<\/li>\n<li>Libera\u00e7\u00e3o por Biometria<\/li>\n<li>Curva ABC por Cliente, Fornecedor, Marca, Sess\u00e3o<\/li>\n<li>Acompanhamento de Inadimpl\u00eancia<\/li>\n<li>Atualiza\u00e7\u00e3o autom\u00e1tica de tributa\u00e7\u00e3o dos produtos<\/li>\n<li>Cartas de Cobran\u00e7a<\/li>\n<\/ul>\n<p>[\/pl_iconbox]<br \/>\n[pl_iconbox pagelayer-id=&#8221;ABueZK3NF9IHpV9q&#8221;  service_icon=&#8221;fas fa-check&#8221; service_alignment=&#8221;left&#8221; service_vertical_alignment=&#8221;middle&#8221; service_icon_view=&#8221;stacked&#8221; service_icon_padding=&#8221;11&#8243; service_icon_state=&#8221;normal&#8221; service_icon_color=&#8221;#ff497cff&#8221; service_icon_font_size=&#8221;15&#8243; service_icon_hover_delay=&#8221;600&#8243; service_bor_state=&#8221;hover&#8221; service_heading=&#8221;Monitor de Documentos Eletr\u00f4nicos (MDE)&#8221; service_title_spacing=&#8221;20,30,0,30&#8243; heading_state=&#8221;hover&#8221; service_heading_color=&#8221;#1f2732ff&#8221; service_heading_typo=&#8221;Poppins,20,Normal,700,Normal,None,Solid,1.65,Capitalize,0,0&#8243; heading_delay=&#8221;600&#8243; service_text_alignment=&#8221;left&#8221; service_btn_hover_delay=&#8221;400&#8243; ele_bg_hover_delay=&#8221;700&#8243; service_icon_spacing=&#8221;0,15,0,15&#8243; service_icon_background_color=&#8221;#ffffffff&#8221; service_icon_shape_type=&#8221;circle&#8221; service_icon_color_hover=&#8221;#ffffffff&#8221; service_icon_background_color_hover=&#8221;#ff497cff&#8221; service_content_spacing=&#8221;0,30,20,30&#8243; service_icon_border_type=&#8221;solid&#8221; service_icon_border_color=&#8221;#ff497cff&#8221; service_icon_border_width=&#8221;1,1,1,1&#8243; heading_color_hover=&#8221;#ffffffff&#8221; ele_css=&#8221;{{element}}:hover .pagelayer-service-details {background: #ff497c;<br \/>\nbox-shadow: 3px 3px 10px 0px #1f2732bf;<br \/>\n}<br \/>\n{{element}}:hover .pagelayer-service-details p{color: #fff;}&#8221; ele_bg_hover=&#8221;hover&#8221; border_hover=&#8221;hover&#8221; service_icon_padding_mobile=&#8221;10&#8243; service_icon_spacing_mobile=&#8221;0,10,0,0&#8243; service_icon_font_size_mobile=&#8221;15&#8243; service_title_spacing_mobile=&#8221;20,30,0,30&#8243; animation=&#8221;fadeInRight&#8221; animation_delay=&#8221;600&#8243; animation_speed=&#8221;slowest&#8221; heading_alignment=&#8221;left&#8221;]<\/p>\n<ul>\n<li>Monitore a emiss\u00e3o de notas para seu CNPJ<\/li>\n<li>Importa\u00e7\u00e3o direta para a Nota de Entrada<\/li>\n<li>Manifesta\u00e7\u00e3o de Documentos<\/li>\n<li>Backup dos XML&nbsp; de compra<\/li>\n<\/ul>\n<p>[\/pl_iconbox]<br \/>\n[\/pl_col]<br \/>\n[\/pl_row]<\/p>\n","protected":false},"excerpt":{"rendered":"<p>[pl_post_props pagelayer-id=&#8221;CMYX3DsCMx4h3gJQ&#8221; post_title=&#8221;&#8221; post_name=&#8221;home&#8221; post_status=&#8221;publish&#8221; featured_image=&#8221;0&#8243; post_excerpt=&#8221;&#8221;] [\/pl_post_props] [pl_row pagelayer-id=&#8221;8guaagla3xc7d0en&#8221; ] [pl_col pagelayer-id=&#8221;g3225braafw3rmpf&#8221; col=&#8221;12&#8243;] [pl_text pagelayer-id=&#8221;5emvs1mnoxg3i2ba&#8221; ] [\/pl_text] [\/pl_col] [\/pl_row] [pl_row pagelayer-id=&#8221;mBWV4FNhXNFpoPT0&#8243; stretch=&#8221;full&#8221; col_gap=&#8221;0&#8243; width_content=&#8221;auto&#8221; row_height=&#8221;default&#8221; overlay_hover_delay=&#8221;400&#8243; row_shape_top_color=&#8221;#fff&#8221; row_shape_top_width=&#8221;100&#8243; row_shape_top_height=&#8221;100&#8243; row_shape_bottom_color=&#8221;#fff&#8221; row_shape_bottom_width=&#8221;100&#8243; row_shape_bottom_height=&#8221;100&#8243; ele_bg_hover_delay=&#8221;400&#8243; ele_padding=&#8221;0px,0px,0px,0px&#8221; ele_margin=&#8221;0px,0px,0px,0px&#8221; ele_padding_tablet=&#8221;40px,0px,0px,0px&#8221; ele_padding_mobile=&#8221;40px,0px,0px,0px&#8221; ele_bg_type=&#8221;image&#8221; ele_bg_gradient=&#8221;150,#44d3f6,23,#72e584,45,#2ca4eb,100&#8243; ele_bg_color=&#8221;#f6fcfdff&#8221; ele_bg_img=&#8221;249&#8243; ele_bg_size=&#8221;cover&#8221;] [pl_col pagelayer-id=&#8221;Ke5EBw0U0shmjrI3&#8243; widget_space=&#8221;0&#8243; overlay_hover_delay=&#8221;400&#8243; ele_bg_hover_delay=&#8221;400&#8243; ele_padding=&#8221;30px,15px,0px,115px&#8221; border_width=&#8221;0px,1px,0px,0px&#8221; border_color=&#8221;#dd811cff&#8221; ele_padding_tablet=&#8221;15px,15px,15px,15px&#8221; ele_padding_mobile=&#8221;10px,10px,10px,10px&#8221; border_width_mobile=&#8221;0px,0px,0px,0px&#8221; col_width=&#8221;50&#8243; &hellip; <\/p>\n<p class=\"link-more\"><a href=\"https:\/\/zactiti.com.br\/\" class=\"more-link\">Continue lendo<span class=\"screen-reader-text\"> &#8220;&#8221;<\/span><\/a><\/p>\n","protected":false},"author":1,"featured_media":0,"parent":0,"menu_order":0,"comment_status":"closed","ping_status":"closed","template":"","meta":{"pagelayer_contact_templates":[],"_pagelayer_content":"","footnotes":""},"class_list":["post-69","page","type-page","status-publish","hentry"],"_links":{"self":[{"href":"https:\/\/zactiti.com.br\/index.php?rest_route=\/wp\/v2\/pages\/69","targetHints":{"allow":["GET"]}}],"collection":[{"href":"https:\/\/zactiti.com.br\/index.php?rest_route=\/wp\/v2\/pages"}],"about":[{"href":"https:\/\/zactiti.com.br\/index.php?rest_route=\/wp\/v2\/types\/page"}],"author":[{"embeddable":true,"href":"https:\/\/zactiti.com.br\/index.php?rest_route=\/wp\/v2\/users\/1"}],"replies":[{"embeddable":true,"href":"https:\/\/zactiti.com.br\/index.php?rest_route=%2Fwp%2Fv2%2Fcomments&post=69"}],"version-history":[{"count":36,"href":"https:\/\/zactiti.com.br\/index.php?rest_route=\/wp\/v2\/pages\/69\/revisions"}],"predecessor-version":[{"id":569,"href":"https:\/\/zactiti.com.br\/index.php?rest_route=\/wp\/v2\/pages\/69\/revisions\/569"}],"wp:attachment":[{"href":"https:\/\/zactiti.com.br\/index.php?rest_route=%2Fwp%2Fv2%2Fmedia&parent=69"}],"curies":[{"name":"wp","href":"https:\/\/api.w.org\/{rel}","templated":true}]}}