{"id":115,"date":"2020-06-06T23:58:12","date_gmt":"2020-06-06T23:58:12","guid":{"rendered":"http:\/\/zactiti.com.br\/?page_id=115"},"modified":"2020-06-08T15:14:17","modified_gmt":"2020-06-08T15:14:17","slug":"hospedagem","status":"publish","type":"page","link":"https:\/\/zactiti.com.br\/?page_id=115","title":{"rendered":"Hospedagem"},"content":{"rendered":"<p>[pl_row pagelayer-id=&#8221;geS1YkboyfXqdOHj&#8221;  stretch=&#8221;auto&#8221; col_gap=&#8221;10&#8243; width_content=&#8221;auto&#8221; row_height=&#8221;default&#8221; overlay_hover_delay=&#8221;400&#8243; row_shape_top_color=&#8221;#227bc3&#8243; row_shape_top_width=&#8221;100&#8243; row_shape_top_height=&#8221;100&#8243; row_shape_bottom_color=&#8221;#e44993&#8243; row_shape_bottom_width=&#8221;100&#8243; row_shape_bottom_height=&#8221;100&#8243;]<br \/>\n[pl_col pagelayer-id=&#8221;7K3GQ43o5FP7Ok3n&#8221;  widget_space=&#8221;30&#8243; overlay_hover_delay=&#8221;400&#8243; border_width=&#8221;1px,1px,1px,1px&#8221; border_color=&#8221;#CCC&#8221;]<br \/>\n[pl_image_slider pagelayer-id=&#8221;s3x8OPI58e2MJn7I&#8221;  size=&#8221;full&#8221; slide_items=&#8221;1&#8243; pause=&#8221;5000&#8243; speed=&#8221;800&#8243; loop=&#8221;true&#8221; auto=&#8221;true&#8221; auto_hover=&#8221;true&#8221; arrows_bg=&#8221;#6a6969&#8243; arraow_color=&#8221;#ffffff&#8221; arraow_bg_size=&#8221;20&#8243; arraow_bg_shape=&#8221;20&#8243; ids=&#8221;222,204,247,200&#8243; controls=&#8221;none&#8221;]<br \/>\n[\/pl_image_slider]<br \/>\n[\/pl_col]<br \/>\n[pl_col pagelayer-id=&#8221;kUjrxxoAzbF85NHE&#8221;  widget_space=&#8221;15&#8243; overlay_hover_delay=&#8221;400&#8243; col=&#8221;6&#8243; border_width=&#8221;1px,1px,1px,1px&#8221; border_color=&#8221;#CCC&#8221;]<br \/>\n[pl_list pagelayer-id=&#8221;qazX5ODvFNc9AWbQ&#8221;  list_type=&#8221;none&#8221; spacing=&#8221;10&#8243; list_text_state=&#8221;normal&#8221; item_indent=&#8221;10&#8243; list_icon_state=&#8221;normal&#8221; icon_color=&#8221;#0986c0&#8243; icon_border_type=&#8221;solid&#8221; icon_border_color=&#8221;#cbd2dc78&#8243; icon_border_width=&#8221;3&#8243;]<br \/>\n[pl_list_item pagelayer-id=&#8221;czvrK8cRB30TYd7P&#8221;  show_icon=&#8221;true&#8221; icon=&#8221;fas fa-star&#8221;]<br \/>\nPlanos de 02 \u00e0 50Gb de espa\u00e7o*[\/pl_list_item]<br \/>\n[pl_list_item pagelayer-id=&#8221;UeQ1yw15V6v1tswn&#8221;  show_icon=&#8221;true&#8221; icon=&#8221;fas fa-star&#8221;]<br \/>\nPainel de controle cPanel[\/pl_list_item]<br \/>\n[pl_list_item pagelayer-id=&#8221;LhknewLk0MkJgN7v&#8221;  show_icon=&#8221;true&#8221; icon=&#8221;fas fa-star&#8221;]<br \/>\nContas de E-mail personalizadas ilimitadas[\/pl_list_item]<br \/>\n[pl_list_item pagelayer-id=&#8221;sPhmgfGeu1wlukp7&#8243;  show_icon=&#8221;true&#8221; icon=&#8221;fas fa-star&#8221;]<br \/>\nDom\u00ednio \u00danico e Subdom\u00ednios Ilimitados[\/pl_list_item]<br \/>\n[pl_list_item pagelayer-id=&#8221;Zx0eQwkq9xkKKRQF&#8221;  show_icon=&#8221;true&#8221; icon=&#8221;fas fa-star&#8221;]<br \/>\nContas FTP Ilimitadas[\/pl_list_item]<br \/>\n[pl_list_item pagelayer-id=&#8221;KLeoYYolU4bCVy9i&#8221;  show_icon=&#8221;true&#8221; icon=&#8221;fas fa-star&#8221;]<br \/>\nSSL Gratuito (Let\u2019s Encrypt)[\/pl_list_item]<br \/>\n[pl_list_item pagelayer-id=&#8221;4y4tIECPhaMe1tE7&#8243;  show_icon=&#8221;true&#8221; icon=&#8221;fas fa-star&#8221;]<br \/>\nBases de Dados MySQL Ilimitadas[\/pl_list_item]<br \/>\n[pl_list_item pagelayer-id=&#8221;3fFcjr41GgAxGKzu&#8221;  show_icon=&#8221;true&#8221; icon=&#8221;fas fa-envelope&#8221; item_url=&#8221;https:\/\/zactiti.com.br\/?page_id=53&#8243;]<br \/>\nConsulte-nos[\/pl_list_item]<br \/>\n[\/pl_list]<br \/>\n[\/pl_col]<br \/>\n[\/pl_row]<\/p>\n","protected":false},"excerpt":{"rendered":"<p>[pl_row pagelayer-id=&#8221;geS1YkboyfXqdOHj&#8221; stretch=&#8221;auto&#8221; col_gap=&#8221;10&#8243; width_content=&#8221;auto&#8221; row_height=&#8221;default&#8221; overlay_hover_delay=&#8221;400&#8243; row_shape_top_color=&#8221;#227bc3&#8243; row_shape_top_width=&#8221;100&#8243; row_shape_top_height=&#8221;100&#8243; row_shape_bottom_color=&#8221;#e44993&#8243; row_shape_bottom_width=&#8221;100&#8243; row_shape_bottom_height=&#8221;100&#8243;] [pl_col pagelayer-id=&#8221;7K3GQ43o5FP7Ok3n&#8221; widget_space=&#8221;30&#8243; overlay_hover_delay=&#8221;400&#8243; border_width=&#8221;1px,1px,1px,1px&#8221; border_color=&#8221;#CCC&#8221;] [pl_image_slider pagelayer-id=&#8221;s3x8OPI58e2MJn7I&#8221; size=&#8221;full&#8221; slide_items=&#8221;1&#8243; pause=&#8221;5000&#8243; speed=&#8221;800&#8243; loop=&#8221;true&#8221; auto=&#8221;true&#8221; auto_hover=&#8221;true&#8221; arrows_bg=&#8221;#6a6969&#8243; arraow_color=&#8221;#ffffff&#8221; arraow_bg_size=&#8221;20&#8243; arraow_bg_shape=&#8221;20&#8243; ids=&#8221;222,204,247,200&#8243; controls=&#8221;none&#8221;] [\/pl_image_slider] [\/pl_col] [pl_col pagelayer-id=&#8221;kUjrxxoAzbF85NHE&#8221; widget_space=&#8221;15&#8243; overlay_hover_delay=&#8221;400&#8243; col=&#8221;6&#8243; border_width=&#8221;1px,1px,1px,1px&#8221; border_color=&#8221;#CCC&#8221;] [pl_list pagelayer-id=&#8221;qazX5ODvFNc9AWbQ&#8221; list_type=&#8221;none&#8221; spacing=&#8221;10&#8243; list_text_state=&#8221;normal&#8221; item_indent=&#8221;10&#8243; list_icon_state=&#8221;normal&#8221; icon_color=&#8221;#0986c0&#8243; icon_border_type=&#8221;solid&#8221; icon_border_color=&#8221;#cbd2dc78&#8243; icon_border_width=&#8221;3&#8243;] [pl_list_item &hellip; <\/p>\n<p class=\"link-more\"><a href=\"https:\/\/zactiti.com.br\/?page_id=115\" class=\"more-link\">Continue lendo<span class=\"screen-reader-text\"> &#8220;Hospedagem&#8221;<\/span><\/a><\/p>\n","protected":false},"author":1,"featured_media":0,"parent":0,"menu_order":0,"comment_status":"closed","ping_status":"closed","template":"","meta":{"pagelayer_contact_templates":[],"_pagelayer_content":"","footnotes":""},"class_list":["post-115","page","type-page","status-publish","hentry"],"_links":{"self":[{"href":"https:\/\/zactiti.com.br\/index.php?rest_route=\/wp\/v2\/pages\/115","targetHints":{"allow":["GET"]}}],"collection":[{"href":"https:\/\/zactiti.com.br\/index.php?rest_route=\/wp\/v2\/pages"}],"about":[{"href":"https:\/\/zactiti.com.br\/index.php?rest_route=\/wp\/v2\/types\/page"}],"author":[{"embeddable":true,"href":"https:\/\/zactiti.com.br\/index.php?rest_route=\/wp\/v2\/users\/1"}],"replies":[{"embeddable":true,"href":"https:\/\/zactiti.com.br\/index.php?rest_route=%2Fwp%2Fv2%2Fcomments&post=115"}],"version-history":[{"count":5,"href":"https:\/\/zactiti.com.br\/index.php?rest_route=\/wp\/v2\/pages\/115\/revisions"}],"predecessor-version":[{"id":265,"href":"https:\/\/zactiti.com.br\/index.php?rest_route=\/wp\/v2\/pages\/115\/revisions\/265"}],"wp:attachment":[{"href":"https:\/\/zactiti.com.br\/index.php?rest_route=%2Fwp%2Fv2%2Fmedia&parent=115"}],"curies":[{"name":"wp","href":"https:\/\/api.w.org\/{rel}","templated":true}]}}